{"id":5024,"date":"2026-03-13T12:49:04","date_gmt":"2026-03-13T10:49:04","guid":{"rendered":"https:\/\/www.ej-hiddenhausen.de\/?page_id=5024"},"modified":"2026-03-13T13:05:51","modified_gmt":"2026-03-13T11:05:51","slug":"wirkungsanalyse","status":"publish","type":"page","link":"http:\/\/www.ej-hiddenhausen.de\/?page_id=5024","title":{"rendered":"Wirkungsanalyse Kirchenkreis Herford"},"content":{"rendered":"<div class=\"cd-padded-container\">\n<div class=\"cd-padded-container-child\">\n<div class=\"cd-event-blog-image-logo-container\">\n<div class=\"cd-blog-description\">\n<div class=\"cd-description \">\n<p>Wir w\u00fcrden gerne wissen, was dir wichtig ist, damit wir unsere Angebote f\u00fcr die Zukunft so aufstellen k\u00f6nnen, dass sie f\u00fcr alle Menschen einen echten Wert haben.<\/p>\n<p>Bitte helfe mit, indem du diesen Fragebogen &#8211; anonym &#8211;&nbsp;ausf\u00fcllst:&nbsp;<a href=\"https:\/\/ww2.unipark.de\/uc\/kirchenkreis_herford\/\" target=\"_blank\" rel=\"noopener\" data-track-event=\"click\" data-track-action=\"link_clicked\">https:\/\/ww2.unipark.de\/uc\/kirchenkreis_herford\/<\/a><\/p>\n<p>Es k\u00f6nnen sich ehrenamtlich oder beruflich Mitarbeitende beteiligen, distanzierte Kirchenmitglieder oder auch Menschen aus ganz anderen Bereichen der Gesellschaft.<\/p>\n<p>Der Fragebogen ist bestimmt f\u00fcr Jugendliche ab 14 Jahren und f\u00fcr Erwachsene.<\/p>\n<p>Die Umfrage l\u00e4uft bis Mitte Mai. Ergebnisse gibt es ab Mitte Juni.<\/p>\n<p>F\u00fcr Kinder entwickeln wir einen eigenen Fragebogen, der wird zu einem sp\u00e4tern Zeitpunkt ver\u00f6ffentlicht.&nbsp;&nbsp;<\/p>\n<\/div>\n<\/div>\n<\/div>\n<\/div>\n<\/div>\n<div class=\"cd-suggested-widget-container\">\n<div class=\"cd-suggestion-ribon cd-blog-suggestion\">&nbsp;<\/div>\n<\/div>\n","protected":false},"excerpt":{"rendered":"<p>Wir w\u00fcrden gerne wissen, was dir wichtig ist, damit wir unsere Angebote f\u00fcr die Zukunft so aufstellen k\u00f6nnen, dass sie f\u00fcr alle Menschen einen echten Wert haben. Bitte helfe mit, indem du diesen Fragebogen &#8211; anonym &#8211;&nbsp;ausf\u00fcllst:&nbsp;https:\/\/ww2.unipark.de\/uc\/kirchenkreis_herford\/ Es k\u00f6nnen sich ehrenamtlich oder beruflich Mitarbeitende beteiligen, distanzierte Kirchenmitglieder oder auch Menschen aus ganz anderen Bereichen der Gesellschaft. Der Fragebogen ist bestimmt f\u00fcr Jugendliche ab 14 Jahren und f\u00fcr Erwachsene. Die Umfrage &hellip; <\/p>\n","protected":false},"author":13,"featured_media":4950,"parent":0,"menu_order":0,"comment_status":"closed","ping_status":"closed","template":"","meta":{"ngg_post_thumbnail":0,"_mc_calendar":[],"footnotes":""},"class_list":["post-5024","page","type-page","status-publish","has-post-thumbnail","hentry"],"_links":{"self":[{"href":"http:\/\/www.ej-hiddenhausen.de\/index.php?rest_route=\/wp\/v2\/pages\/5024","targetHints":{"allow":["GET"]}}],"collection":[{"href":"http:\/\/www.ej-hiddenhausen.de\/index.php?rest_route=\/wp\/v2\/pages"}],"about":[{"href":"http:\/\/www.ej-hiddenhausen.de\/index.php?rest_route=\/wp\/v2\/types\/page"}],"author":[{"embeddable":true,"href":"http:\/\/www.ej-hiddenhausen.de\/index.php?rest_route=\/wp\/v2\/users\/13"}],"replies":[{"embeddable":true,"href":"http:\/\/www.ej-hiddenhausen.de\/index.php?rest_route=%2Fwp%2Fv2%2Fcomments&post=5024"}],"version-history":[{"count":3,"href":"http:\/\/www.ej-hiddenhausen.de\/index.php?rest_route=\/wp\/v2\/pages\/5024\/revisions"}],"predecessor-version":[{"id":5035,"href":"http:\/\/www.ej-hiddenhausen.de\/index.php?rest_route=\/wp\/v2\/pages\/5024\/revisions\/5035"}],"wp:featuredmedia":[{"embeddable":true,"href":"http:\/\/www.ej-hiddenhausen.de\/index.php?rest_route=\/wp\/v2\/media\/4950"}],"wp:attachment":[{"href":"http:\/\/www.ej-hiddenhausen.de\/index.php?rest_route=%2Fwp%2Fv2%2Fmedia&parent=5024"}],"curies":[{"name":"wp","href":"https:\/\/api.w.org\/{rel}","templated":true}]}}